{"id":565,"date":"2021-05-27T18:02:50","date_gmt":"2021-05-27T18:02:50","guid":{"rendered":"http:\/\/maus.art\/?page_id=565"},"modified":"2021-05-30T06:51:14","modified_gmt":"2021-05-30T06:51:14","slug":"acerca-de","status":"publish","type":"page","link":"https:\/\/maus.art\/es\/acerca-de\/","title":{"rendered":"Acerca de"},"content":{"rendered":"\t\t<div data-elementor-type=\"wp-page\" data-elementor-id=\"565\" class=\"elementor elementor-565 elementor-527\">\n\t\t\t\t\t\t<section class=\"elementor-section elementor-top-section elementor-element elementor-element-09a0509 elementor-section-full_width elementor-section-height-default elementor-section-height-default\" data-id=\"09a0509\" data-element_type=\"section\" data-e-type=\"section\">\n\t\t\t\t\t\t<div class=\"elementor-container elementor-column-gap-custom\">\n\t\t\t\t\t<div class=\"elementor-column elementor-col-100 elementor-top-column elementor-element elementor-element-06f7e64\" data-id=\"06f7e64\" data-element_type=\"column\" data-e-type=\"column\">\n\t\t\t<div class=\"elementor-widget-wrap elementor-element-populated\">\n\t\t\t\t\t\t<div class=\"elementor-element elementor-element-edaf75c elementor-widget elementor-widget-heading\" data-id=\"edaf75c\" data-element_type=\"widget\" data-e-type=\"widget\" data-widget_type=\"heading.default\">\n\t\t\t\t<div class=\"elementor-widget-container\">\n\t\t\t\t\t<h2 class=\"elementor-heading-title elementor-size-default\">Acerca de<\/h2>\t\t\t\t<\/div>\n\t\t\t\t<\/div>\n\t\t\t\t<div class=\"elementor-element elementor-element-c854624 eurostile elementor-widget elementor-widget-text-editor\" data-id=\"c854624\" data-element_type=\"widget\" data-e-type=\"widget\" data-widget_type=\"text-editor.default\">\n\t\t\t\t<div class=\"elementor-widget-container\">\n\t\t\t\t\t\t\t\t\t<p>1. Uso del sitio web<\/p><p>Estos T\u00e9rminos y Condiciones son los \u00fanicos t\u00e9rminos y condiciones aplicables para el uso de este sitio web y reemplazan a todos los dem\u00e1s, excepto con el previo consentimiento expreso por escrito del Vendedor. Estos T\u00e9rminos y Condiciones son importantes para usted y para nosotros, ya que han sido redactados para crear un acuerdo legalmente vinculante entre nosotros, protegiendo sus derechos como cliente y nuestros derechos como empresa. Al realizar su pedido, usted declara que ha le\u00eddo y est\u00e1 de acuerdo con estos T\u00e9rminos y Condiciones sin ning\u00fan tipo de restricci\u00f3n.<\/p><p>Aceptas que:<\/p><p>1. Solo puede utilizar el sitio web para consultas o para realizar pedidos legalmente v\u00e1lidos.<br \/>2. No puede realizar ning\u00fan pedido especulativo, falso o fraudulento. Si tenemos motivos razonables para considerar que se ha realizado un pedido de esta naturaleza, estamos autorizados a cancelarlo e informar a las autoridades pertinentes.<br \/>3. Tambi\u00e9n est\u00e1 obligado a proporcionar su direcci\u00f3n de correo electr\u00f3nico, direcci\u00f3n postal y \/ u otra informaci\u00f3n de contacto verdaderas y correctas, y da su consentimiento para que usemos esta informaci\u00f3n para comunicarnos con usted si es necesario (consulte nuestra Declaraci\u00f3n de privacidad).<br \/>4. Si no nos proporciona toda la informaci\u00f3n que necesitamos, no podremos procesar su pedido.<\/p><p>Al realizar su pedido a trav\u00e9s de este sitio web, usted garantiza que es mayor de 18 a\u00f1os y que tiene la capacidad legal para celebrar contratos vinculantes.<\/p><p>2. Disponibilidad del servicio<\/p><p>Los art\u00edculos ofrecidos a trav\u00e9s de este sitio web solo estar\u00e1n disponibles para los destinos especificados en la secci\u00f3n \u201cEnv\u00edos\u201d.<\/p><p>3. C\u00f3mo ejecutar el contrato<\/p><p>Esta informaci\u00f3n y los detalles contenidos en este sitio web no constituyen una oferta de venta, sino una invitaci\u00f3n a hacer negocios. No habr\u00e1 ning\u00fan contrato entre usted y nosotros en relaci\u00f3n con ning\u00fan producto hasta que su pedido haya sido expresamente aceptado por nosotros. Si su oferta no ha sido aceptada y ya se ha realizado un cargo en su cuenta, se reembolsar\u00e1 el monto total.<\/p><p>Para realizar un pedido, debe seguir el proceso de compra en l\u00ednea y hacer clic en \u00abAutorizar pago\u00bb. Despu\u00e9s de esto, recibir\u00e1 un correo electr\u00f3nico acusando recibo de su pedido (la \u00abConfirmaci\u00f3n de pedido\u00bb). Tenga en cuenta que esto no significa necesariamente que su pedido haya sido aceptado, ya que simplemente constituye una oferta que nos hace para comprar uno o m\u00e1s productos. Todos los pedidos est\u00e1n sujetos a nuestra aceptaci\u00f3n. Dicha aceptaci\u00f3n ser\u00e1 confirmada envi\u00e1ndole un correo electr\u00f3nico en el que le confirmamos que el producto est\u00e1 siendo enviado (la \u201cConfirmaci\u00f3n de Env\u00edo\u201d). El contrato entre nosotros para la compra de un producto (Contrato) solo se ejecutar\u00e1 y aceptar\u00e1 una vez que le enviemos la Confirmaci\u00f3n de env\u00edo.<\/p><p>Solo los productos enumerados en la Confirmaci\u00f3n de env\u00edo ser\u00e1n objeto del Contrato. No tenemos la obligaci\u00f3n de suministrar ning\u00fan otro producto que pueda haber sido pedido hasta que confirmemos su env\u00edo en una Confirmaci\u00f3n de env\u00edo por separado.<\/p><p>4. Disponibilidad de productos<\/p><p>Todos los pedidos de productos est\u00e1n sujetos a disponibilidad, y en este sentido, si surgen dificultades en t\u00e9rminos de su suministro, o si no hay art\u00edculos en stock, nos reservamos el derecho de proporcionarle informaci\u00f3n sobre productos sustitutos que sean de calidad similar o superior. y precio que puede pedir. Si no desea solicitar alguno de estos productos sustitutos, le reembolsaremos cualquier cantidad que haya pagado.<\/p><p>5. Negativa a procesar un pedido<\/p><p>Por la presente, nos reservamos el derecho de retirar cualquier producto de este sitio web en cualquier momento y \/ o eliminar o modificar cualquier material o contenido en \u00e9l. Aunque siempre haremos todo lo posible para procesar todos los pedidos, puede haber circunstancias excepcionales que nos obliguen a rechazar la tramitaci\u00f3n de un pedido despu\u00e9s de haber enviado la Confirmaci\u00f3n de pedido, y por la presente nos reservamos el derecho a hacerlo en cualquier momento y a nuestra entera discreci\u00f3n. discreci\u00f3n.<\/p><p>No seremos responsables ante usted o cualquier tercero por el retiro de cualquier producto de este sitio web, independientemente de si este producto se ha vendido o no, la eliminaci\u00f3n o modificaci\u00f3n de cualquier material o contenido en el sitio web, o nuestra negativa a procesar un pedido despu\u00e9s de haber enviado la Confirmaci\u00f3n de pedido.<\/p><p>6. Derecho a desistir de una compra<\/p><p>Si est\u00e1 comprando como consumidor, puede rescindir el contrato en cualquier momento dentro de los 14 d\u00edas naturales posteriores a la recepci\u00f3n del art\u00edculo. En este caso, se le reembolsar\u00e1 el importe pagado por los productos de acuerdo con nuestra Pol\u00edtica de devoluciones. Tenga en cuenta que los costos incurridos en la devoluci\u00f3n del producto como resultado del retiro no ser\u00e1n asumidos por nosotros, sino que correr\u00e1n por cuenta del consumidor.<\/p><p>Su derecho a desistir del Contrato solo ser\u00e1 aplicable a los productos que se devuelvan en las mismas condiciones en que los recibi\u00f3. Tambi\u00e9n deben incluirse todas las instrucciones, documentos, productos promocionales y embalajes de los productos. No se realizar\u00e1 ning\u00fan reembolso si el producto ha sido usado o si ha sido da\u00f1ado.<\/p><p>Cuide razonablemente los productos mientras est\u00e9 en su poder y conserve las cajas y el embalaje originales en caso de devoluci\u00f3n. No refu<\/p>\t\t\t\t\t\t\t\t<\/div>\n\t\t\t\t<\/div>\n\t\t\t\t\t<\/div>\n\t\t<\/div>\n\t\t\t\t\t<\/div>\n\t\t<\/section>\n\t\t\t\t<\/div>\n\t\t","protected":false},"excerpt":{"rendered":"<p>Acerca de 1. Uso del sitio web Estos T\u00e9rminos y Condiciones son los \u00fanicos t\u00e9rminos<\/p>\n<p><a href=\"https:\/\/maus.art\/es\/acerca-de\/\" class=\"btn\" title=\"Acerca de\">Read more<\/a><\/p>\n","protected":false},"author":1,"featured_media":0,"parent":0,"menu_order":0,"comment_status":"closed","ping_status":"closed","template":"","meta":{"_acf_changed":false,"footnotes":""},"class_list":["post-565","page","type-page","status-publish","hentry"],"acf":[],"_links":{"self":[{"href":"https:\/\/maus.art\/es\/wp-json\/wp\/v2\/pages\/565","targetHints":{"allow":["GET"]}}],"collection":[{"href":"https:\/\/maus.art\/es\/wp-json\/wp\/v2\/pages"}],"about":[{"href":"https:\/\/maus.art\/es\/wp-json\/wp\/v2\/types\/page"}],"author":[{"embeddable":true,"href":"https:\/\/maus.art\/es\/wp-json\/wp\/v2\/users\/1"}],"replies":[{"embeddable":true,"href":"https:\/\/maus.art\/es\/wp-json\/wp\/v2\/comments?post=565"}],"version-history":[{"count":0,"href":"https:\/\/maus.art\/es\/wp-json\/wp\/v2\/pages\/565\/revisions"}],"wp:attachment":[{"href":"https:\/\/maus.art\/es\/wp-json\/wp\/v2\/media?parent=565"}],"curies":[{"name":"wp","href":"https:\/\/api.w.org\/{rel}","templated":true}]}}